{"id":5442,"date":"2023-10-13T18:11:54","date_gmt":"2023-10-13T18:11:54","guid":{"rendered":"https:\/\/5toprincipio.online\/?page_id=5442"},"modified":"2023-10-13T18:14:37","modified_gmt":"2023-10-13T18:14:37","slug":"cursos-online","status":"publish","type":"page","link":"https:\/\/5toprincipio.online\/inicio\/cursos-online\/","title":{"rendered":"Cursos Online"},"content":{"rendered":"\t\t<div data-elementor-type=\"wp-page\" data-elementor-id=\"5442\" class=\"elementor elementor-5442\" data-elementor-post-type=\"page\">\n\t\t\t\t\t\t\t<div class=\"elementor-element elementor-element-a634994 e-flex e-con-boxed e-con e-parent\" data-id=\"a634994\" data-element_type=\"container\" data-settings=\"{&quot;container_type&quot;:&quot;flex&quot;,&quot;content_width&quot;:&quot;boxed&quot;}\" data-core-v316-plus=\"true\">\n\t\t\t\t\t<div class=\"e-con-inner\">\n\t\t\t\t<div class=\"elementor-element elementor-element-4f820b5 elementor-widget elementor-widget-spacer\" data-id=\"4f820b5\" data-element_type=\"widget\" data-widget_type=\"spacer.default\">\n\t\t\t\t<div class=\"elementor-widget-container\">\n\t\t\t<style>\/*! elementor - v3.16.0 - 17-10-2023 *\/\n.elementor-column .elementor-spacer-inner{height:var(--spacer-size)}.e-con{--container-widget-width:100%}.e-con-inner>.elementor-widget-spacer,.e-con>.elementor-widget-spacer{width:var(--container-widget-width,var(--spacer-size));--align-self:var(--container-widget-align-self,initial);--flex-shrink:0}.e-con-inner>.elementor-widget-spacer>.elementor-widget-container,.e-con>.elementor-widget-spacer>.elementor-widget-container{height:100%;width:100%}.e-con-inner>.elementor-widget-spacer>.elementor-widget-container>.elementor-spacer,.e-con>.elementor-widget-spacer>.elementor-widget-container>.elementor-spacer{height:100%}.e-con-inner>.elementor-widget-spacer>.elementor-widget-container>.elementor-spacer>.elementor-spacer-inner,.e-con>.elementor-widget-spacer>.elementor-widget-container>.elementor-spacer>.elementor-spacer-inner{height:var(--container-widget-height,var(--spacer-size))}.e-con-inner>.elementor-widget-spacer.elementor-widget-empty,.e-con>.elementor-widget-spacer.elementor-widget-empty{position:relative;min-height:22px;min-width:22px}.e-con-inner>.elementor-widget-spacer.elementor-widget-empty .elementor-widget-empty-icon,.e-con>.elementor-widget-spacer.elementor-widget-empty .elementor-widget-empty-icon{position:absolute;top:0;bottom:0;left:0;right:0;margin:auto;padding:0;width:22px;height:22px}<\/style>\t\t<div class=\"elementor-spacer\">\n\t\t\t<div class=\"elementor-spacer-inner\"><\/div>\n\t\t<\/div>\n\t\t\t\t<\/div>\n\t\t\t\t<\/div>\n\t\t\t\t\t<\/div>\n\t\t\t\t<\/div>\n\t\t<div class=\"elementor-element elementor-element-8f890e3 e-flex e-con-boxed e-con e-parent\" data-id=\"8f890e3\" data-element_type=\"container\" data-settings=\"{&quot;container_type&quot;:&quot;flex&quot;,&quot;content_width&quot;:&quot;boxed&quot;}\" data-core-v316-plus=\"true\">\n\t\t\t\t\t<div class=\"e-con-inner\">\n\t\t<div class=\"elementor-element elementor-element-cb0a022 e-con-full e-flex e-con e-child\" data-id=\"cb0a022\" data-element_type=\"container\" data-settings=\"{&quot;content_width&quot;:&quot;full&quot;,&quot;container_type&quot;:&quot;flex&quot;}\">\n\t\t\t\t<div class=\"elementor-element elementor-element-fa9d9f4 elementor-widget elementor-widget-heading\" data-id=\"fa9d9f4\" data-element_type=\"widget\" data-widget_type=\"heading.default\">\n\t\t\t\t<div class=\"elementor-widget-container\">\n\t\t\t<style>\/*! elementor - v3.16.0 - 17-10-2023 *\/\n.elementor-heading-title{padding:0;margin:0;line-height:1}.elementor-widget-heading .elementor-heading-title[class*=elementor-size-]>a{color:inherit;font-size:inherit;line-height:inherit}.elementor-widget-heading .elementor-heading-title.elementor-size-small{font-size:15px}.elementor-widget-heading .elementor-heading-title.elementor-size-medium{font-size:19px}.elementor-widget-heading .elementor-heading-title.elementor-size-large{font-size:29px}.elementor-widget-heading .elementor-heading-title.elementor-size-xl{font-size:39px}.elementor-widget-heading .elementor-heading-title.elementor-size-xxl{font-size:59px}<\/style><h3 class=\"elementor-heading-title elementor-size-default\">QU\u00c9 SON LOS CURSOS EN L\u00cdNEA - PRINCIPALES CARACTER\u00cdSTICAS<\/h3>\t\t<\/div>\n\t\t\t\t<\/div>\n\t\t\t\t<div class=\"elementor-element elementor-element-7fa18e8 elementor-widget elementor-widget-image\" data-id=\"7fa18e8\" data-element_type=\"widget\" data-widget_type=\"image.default\">\n\t\t\t\t<div class=\"elementor-widget-container\">\n\t\t\t<style>\/*! elementor - v3.16.0 - 17-10-2023 *\/\n.elementor-widget-image{text-align:center}.elementor-widget-image a{display:inline-block}.elementor-widget-image a img[src$=\".svg\"]{width:48px}.elementor-widget-image img{vertical-align:middle;display:inline-block}<\/style>\t\t\t\t\t\t\t\t\t\t\t\t<img decoding=\"async\" loading=\"lazy\" width=\"1024\" height=\"248\" src=\"https:\/\/5toprincipio.online\/wp-content\/uploads\/2023\/07\/Logo-5toP-PlainGermanica-0000ff-Final-Rectangular-1024x248.png\" class=\"attachment-large size-large wp-image-3293\" alt=\"Logo-5toPrincipio\" srcset=\"https:\/\/5toprincipio.online\/wp-content\/uploads\/2023\/07\/Logo-5toP-PlainGermanica-0000ff-Final-Rectangular-1024x248.png 1024w, https:\/\/5toprincipio.online\/wp-content\/uploads\/2023\/07\/Logo-5toP-PlainGermanica-0000ff-Final-Rectangular-600x145.png 600w, https:\/\/5toprincipio.online\/wp-content\/uploads\/2023\/07\/Logo-5toP-PlainGermanica-0000ff-Final-Rectangular-64x16.png 64w, https:\/\/5toprincipio.online\/wp-content\/uploads\/2023\/07\/Logo-5toP-PlainGermanica-0000ff-Final-Rectangular-300x73.png 300w, https:\/\/5toprincipio.online\/wp-content\/uploads\/2023\/07\/Logo-5toP-PlainGermanica-0000ff-Final-Rectangular-768x186.png 768w, https:\/\/5toprincipio.online\/wp-content\/uploads\/2023\/07\/Logo-5toP-PlainGermanica-0000ff-Final-Rectangular-1536x372.png 1536w, https:\/\/5toprincipio.online\/wp-content\/uploads\/2023\/07\/Logo-5toP-PlainGermanica-0000ff-Final-Rectangular-2048x496.png 2048w, https:\/\/5toprincipio.online\/wp-content\/uploads\/2023\/07\/Logo-5toP-PlainGermanica-0000ff-Final-Rectangular-1320x320.png 1320w, https:\/\/5toprincipio.online\/wp-content\/uploads\/2023\/07\/Logo-5toP-PlainGermanica-0000ff-Final-Rectangular-206x50.png 206w\" sizes=\"(max-width: 1024px) 100vw, 1024px\" \/>\t\t\t\t\t\t\t\t\t\t\t\t\t\t\t<\/div>\n\t\t\t\t<\/div>\n\t\t\t\t<\/div>\n\t\t\t\t\t<\/div>\n\t\t\t\t<\/div>\n\t\t<div class=\"elementor-element elementor-element-0dd1d55 e-flex e-con-boxed e-con e-parent\" data-id=\"0dd1d55\" data-element_type=\"container\" data-settings=\"{&quot;container_type&quot;:&quot;flex&quot;,&quot;content_width&quot;:&quot;boxed&quot;}\" data-core-v316-plus=\"true\">\n\t\t\t\t\t<div class=\"e-con-inner\">\n\t\t<div class=\"elementor-element elementor-element-575510e e-con-full e-flex e-con e-child\" data-id=\"575510e\" data-element_type=\"container\" data-settings=\"{&quot;content_width&quot;:&quot;full&quot;,&quot;container_type&quot;:&quot;flex&quot;}\">\n\t\t\t\t<div class=\"elementor-element elementor-element-0af4557 elementor-widget elementor-widget-text-editor\" data-id=\"0af4557\" data-element_type=\"widget\" data-widget_type=\"text-editor.default\">\n\t\t\t\t<div class=\"elementor-widget-container\">\n\t\t\t<style>\/*! elementor - v3.16.0 - 17-10-2023 *\/\n.elementor-widget-text-editor.elementor-drop-cap-view-stacked .elementor-drop-cap{background-color:#69727d;color:#fff}.elementor-widget-text-editor.elementor-drop-cap-view-framed .elementor-drop-cap{color:#69727d;border:3px solid;background-color:transparent}.elementor-widget-text-editor:not(.elementor-drop-cap-view-default) .elementor-drop-cap{margin-top:8px}.elementor-widget-text-editor:not(.elementor-drop-cap-view-default) .elementor-drop-cap-letter{width:1em;height:1em}.elementor-widget-text-editor .elementor-drop-cap{float:left;text-align:center;line-height:1;font-size:50px}.elementor-widget-text-editor .elementor-drop-cap-letter{display:inline-block}<\/style>\t\t\t\t<h4><strong>Qu\u00e9 son los cursos en l\u00ednea. <\/strong><\/h4><p>Son clases grabadas, almacenadas en la plataforma, que cada estudiante puede tomar conect\u00e1ndote por medio de internet y que le permitir\u00e1n aprender una serie de herramientas y habilidades para realizar adecuadamente la funci\u00f3n que quiera conocer o tenga asignada en la cooperativa. Todos l<span style=\"font-style: inherit; font-weight: inherit; color: var( --e-global-color-text ); font-family: var( --e-global-typography-text-font-family ), Sans-serif; text-align: var(--text-align); background-color: var(--ast-global-color-5);\">os cursos est\u00e1n disponibles 24\/7, es decir, las 24 horas de los 7 d\u00edas de la semana.<\/span><\/p>\t\t\t\t\t\t<\/div>\n\t\t\t\t<\/div>\n\t\t\t\t<\/div>\n\t\t<div class=\"elementor-element elementor-element-d6e1db1 e-con-full e-flex e-con e-child\" data-id=\"d6e1db1\" data-element_type=\"container\" data-settings=\"{&quot;content_width&quot;:&quot;full&quot;,&quot;container_type&quot;:&quot;flex&quot;}\">\n\t\t\t\t<div class=\"elementor-element elementor-element-e0bfb41 elementor-widget elementor-widget-text-editor\" data-id=\"e0bfb41\" data-element_type=\"widget\" data-widget_type=\"text-editor.default\">\n\t\t\t\t<div class=\"elementor-widget-container\">\n\t\t\t\t\t\t\t<h4><strong>Qu\u00e9 contienen los cursos en l\u00ednea.<\/strong><\/h4>\n<p>La informaci\u00f3n de todos los cursos est\u00e1 organizada y estructurada por medio de m\u00f3dulos, cada m\u00f3dulo a su vez contiene clases que se imparten por medio de videos, documentos de apoyo y materiales did\u00e1cticos complementarios. Los cursos tambi\u00e9n ofrecen a los estudiantes la oportunidad de compartir sus propios proyectos con otros estudiantes y con el profesor, creando as\u00ed una comunidad en torno al curso, que le ampliar\u00e1n la experiencia de aprendizaje.<\/p>\t\t\t\t\t\t<\/div>\n\t\t\t\t<\/div>\n\t\t\t\t<\/div>\n\t\t<div class=\"elementor-element elementor-element-f76724e e-con-full e-flex e-con e-child\" data-id=\"f76724e\" data-element_type=\"container\" data-settings=\"{&quot;content_width&quot;:&quot;full&quot;,&quot;container_type&quot;:&quot;flex&quot;}\">\n\t\t\t\t<div class=\"elementor-element elementor-element-9e2fefe elementor-widget elementor-widget-text-editor\" data-id=\"9e2fefe\" data-element_type=\"widget\" data-widget_type=\"text-editor.default\">\n\t\t\t\t<div class=\"elementor-widget-container\">\n\t\t\t\t\t\t\t<h4>Cuando empiezan y terminan los cursos.<\/h4><p>Los cursos est\u00e1n 100% disponibles en l\u00ednea, de manera permanente, por lo que los estudiantes los puedes empezar y terminar cuando quieran durante el tiempo de la suscripci\u00f3n contratada. Cada estudiante marca el ritmo de las clases, puede volver a ver lo que le interese cu\u00e1ntas veces quiera, repasar lo que ya sepa, hacer preguntas, resolver dudas, compartir sus proyectos y mucho m\u00e1s.<\/p>\t\t\t\t\t\t<\/div>\n\t\t\t\t<\/div>\n\t\t\t\t<\/div>\n\t\t<div class=\"elementor-element elementor-element-90bb956 e-con-full e-flex e-con e-child\" data-id=\"90bb956\" data-element_type=\"container\" data-settings=\"{&quot;content_width&quot;:&quot;full&quot;,&quot;container_type&quot;:&quot;flex&quot;}\">\n\t\t\t\t<div class=\"elementor-element elementor-element-6f8af9b elementor-widget elementor-widget-text-editor\" data-id=\"6f8af9b\" data-element_type=\"widget\" data-widget_type=\"text-editor.default\">\n\t\t\t\t<div class=\"elementor-widget-container\">\n\t\t\t\t\t\t\t<h3>Qu\u00e9 se necesita para tomar los cursos.<\/h3><p>De manera general, cada estudiante solamente necesita una computadora, una tableta o celular, y conexi\u00f3n a internet, adem\u00e1s de mucho inter\u00e9s en aprender. Cada estudiante deber\u00e1 registrarse y comprar la suscripci\u00f3n a los cursos que sean de su inter\u00e9s. De ser necesario, algunos cursos indicar\u00e1n posibles requerimientos adicionales.<\/p>\t\t\t\t\t\t<\/div>\n\t\t\t\t<\/div>\n\t\t\t\t<\/div>\n\t\t<div class=\"elementor-element elementor-element-6d24f41 e-con-full e-flex e-con e-child\" data-id=\"6d24f41\" data-element_type=\"container\" data-settings=\"{&quot;content_width&quot;:&quot;full&quot;,&quot;container_type&quot;:&quot;flex&quot;}\">\n\t\t\t\t<div class=\"elementor-element elementor-element-839d991 elementor-widget elementor-widget-text-editor\" data-id=\"839d991\" data-element_type=\"widget\" data-widget_type=\"text-editor.default\">\n\t\t\t\t<div class=\"elementor-widget-container\">\n\t\t\t\t\t\t\t<h3>Cada Estudiante aprende a su ritmo y velocidad.<\/h3>\n<p>Cada estudiante cuenta con su propio portal o escritorio desde donde tendr\u00e1 pleno control de sus cursos y los avances que vaya logrando, puede disfrutar aprendiendo desde casa o desde su oficina, sin horarios y a su propio ritmo. El estudiante decide cu\u00e1ndo detenerse o seguir con cada unidad o lecci\u00f3n.<\/p>\t\t\t\t\t\t<\/div>\n\t\t\t\t<\/div>\n\t\t\t\t<\/div>\n\t\t<div class=\"elementor-element elementor-element-180565c e-con-full e-flex e-con e-child\" data-id=\"180565c\" data-element_type=\"container\" data-settings=\"{&quot;content_width&quot;:&quot;full&quot;,&quot;container_type&quot;:&quot;flex&quot;}\">\n\t\t\t\t<div class=\"elementor-element elementor-element-48d76f2 elementor-widget elementor-widget-text-editor\" data-id=\"48d76f2\" data-element_type=\"widget\" data-widget_type=\"text-editor.default\">\n\t\t\t\t<div class=\"elementor-widget-container\">\n\t\t\t\t\t\t\t<h3>Los Estudiantes estar\u00e1n en primera fila.<\/h3><p>La alta calidad de los v\u00eddeos ayudar\u00e1 para que los estudiantes no se pierdan ni un solo detalle. Tendr\u00e1n acceso ilimitado durante el tiempo de la suscripci\u00f3n, para que puedan ver las lecciones todas las veces que necesiten, para ir perfeccionando sus habilidades.<\/p>\t\t\t\t\t\t<\/div>\n\t\t\t\t<\/div>\n\t\t\t\t<\/div>\n\t\t\t\t\t<\/div>\n\t\t\t\t<\/div>\n\t\t<div class=\"elementor-element elementor-element-7aa0842 e-flex e-con-boxed e-con e-parent\" data-id=\"7aa0842\" data-element_type=\"container\" data-settings=\"{&quot;container_type&quot;:&quot;flex&quot;,&quot;content_width&quot;:&quot;boxed&quot;}\" data-core-v316-plus=\"true\">\n\t\t\t\t\t<div class=\"e-con-inner\">\n\t\t<div class=\"elementor-element elementor-element-a3bda5f e-con-full e-flex e-con e-child\" data-id=\"a3bda5f\" data-element_type=\"container\" data-settings=\"{&quot;content_width&quot;:&quot;full&quot;,&quot;container_type&quot;:&quot;flex&quot;}\">\n\t\t\t\t<div class=\"elementor-element elementor-element-e892c6b elementor-widget elementor-widget-text-editor\" data-id=\"e892c6b\" data-element_type=\"widget\" data-widget_type=\"text-editor.default\">\n\t\t\t\t<div class=\"elementor-widget-container\">\n\t\t\t\t\t\t\t<h3>Conoce y aprende de los mejores profesores.<\/h3><p>Cada profesor es experto en la materia, te transmitir\u00e1 sus conocimientos con pasi\u00f3n, ofreci\u00e9ndote explicaciones claras y una perspectiva profesional en cada lecci\u00f3n. Aprender\u00e1s los m\u00e9todos y t\u00e9cnicas m\u00e1s \u00fatiles y adecuadas, con expertos del cooperativismo y la econom\u00eda social y solidaria.<\/p>\t\t\t\t\t\t<\/div>\n\t\t\t\t<\/div>\n\t\t\t\t<\/div>\n\t\t<div class=\"elementor-element elementor-element-d20c361 e-con-full e-flex e-con e-child\" data-id=\"d20c361\" data-element_type=\"container\" data-settings=\"{&quot;content_width&quot;:&quot;full&quot;,&quot;container_type&quot;:&quot;flex&quot;}\">\n\t\t\t\t<div class=\"elementor-element elementor-element-5b12d04 elementor-widget elementor-widget-text-editor\" data-id=\"5b12d04\" data-element_type=\"widget\" data-widget_type=\"text-editor.default\">\n\t\t\t\t<div class=\"elementor-widget-container\">\n\t\t\t\t\t\t\t<h3>Cursos producidos profesionalmente.<\/h3><p>La Cooperativa PINOS soporta y apoya la plataforma 5toPrincipio, selecciona cuidadosamente los profesores, revisa el contenido y la calidad de cada curso, para garantizar una excelente experiencia de aprendizaje en l\u00ednea.<\/p>\t\t\t\t\t\t<\/div>\n\t\t\t\t<\/div>\n\t\t\t\t<\/div>\n\t\t<div class=\"elementor-element elementor-element-803325e e-con-full e-flex e-con e-child\" data-id=\"803325e\" data-element_type=\"container\" data-settings=\"{&quot;content_width&quot;:&quot;full&quot;,&quot;container_type&quot;:&quot;flex&quot;}\">\n\t\t\t\t<div class=\"elementor-element elementor-element-a7e6b85 elementor-widget elementor-widget-text-editor\" data-id=\"a7e6b85\" data-element_type=\"widget\" data-widget_type=\"text-editor.default\">\n\t\t\t\t<div class=\"elementor-widget-container\">\n\t\t\t\t\t\t\t<h3>Comparte conocimientos e ideas.<\/h3><p>Pregunta, pide opini\u00f3n y ofrece soluciones. Comparte tu experiencia de aprendizaje con otros estudiantes de la comunidad que seguramente son tan apasionados por el cooperativismo como t\u00fa.<\/p>\t\t\t\t\t\t<\/div>\n\t\t\t\t<\/div>\n\t\t\t\t<\/div>\n\t\t<div class=\"elementor-element elementor-element-fdbc595 e-con-full e-flex e-con e-child\" data-id=\"fdbc595\" data-element_type=\"container\" data-settings=\"{&quot;content_width&quot;:&quot;full&quot;,&quot;container_type&quot;:&quot;flex&quot;}\">\n\t\t\t\t<div class=\"elementor-element elementor-element-03a369b elementor-widget elementor-widget-text-editor\" data-id=\"03a369b\" data-element_type=\"widget\" data-widget_type=\"text-editor.default\">\n\t\t\t\t<div class=\"elementor-widget-container\">\n\t\t\t\t\t\t\t<h3>Con\u00e9ctate con una comunidad cooperativa global.<\/h3><p>La comunidad cooperativa cuenta con varias personas interesadas en todo el mundo, personas curiosas y con ganas de aprender m\u00e1s y promover la vivencia y buenas pr\u00e1cticas del cooperativismo.<\/p>\t\t\t\t\t\t<\/div>\n\t\t\t\t<\/div>\n\t\t\t\t<\/div>\n\t\t<div class=\"elementor-element elementor-element-e803f52 e-con-full e-flex e-con e-child\" data-id=\"e803f52\" data-element_type=\"container\" data-settings=\"{&quot;content_width&quot;:&quot;full&quot;,&quot;container_type&quot;:&quot;flex&quot;}\">\n\t\t\t\t<div class=\"elementor-element elementor-element-04fca0e elementor-widget elementor-widget-text-editor\" data-id=\"04fca0e\" data-element_type=\"widget\" data-widget_type=\"text-editor.default\">\n\t\t\t\t<div class=\"elementor-widget-container\">\n\t\t\t\t\t\t\t<h3>Compra tu suscripci\u00f3n para los cursos y con\u00e9ctate cuando quieras.<\/h3>\n<p>Al comprar la suscripci\u00f3n para el curso, te enviaremos a tu correo la informaci\u00f3n necesaria para que puedas activar y acceder a la informaci\u00f3n detallada del curso. Para cada curso hay 6 tipos de suscripci\u00f3n: Por 1, 3 o 6 meses, y por 1, 3 o 6 a\u00f1os.<\/p>\t\t\t\t\t\t<\/div>\n\t\t\t\t<\/div>\n\t\t\t\t<\/div>\n\t\t<div class=\"elementor-element elementor-element-4b59a8b e-con-full e-flex e-con e-child\" data-id=\"4b59a8b\" data-element_type=\"container\" data-settings=\"{&quot;content_width&quot;:&quot;full&quot;,&quot;container_type&quot;:&quot;flex&quot;}\">\n\t\t\t\t<div class=\"elementor-element elementor-element-a31e7cf elementor-widget elementor-widget-text-editor\" data-id=\"a31e7cf\" data-element_type=\"widget\" data-widget_type=\"text-editor.default\">\n\t\t\t\t<div class=\"elementor-widget-container\">\n\t\t\t\t\t\t\t<h3>Precios especiales para cooperativas y organismos de integraci\u00f3n.<\/h3><p>Los precios de los cursos que se muestran son individuales y de acuerdo al tipo de suscripci\u00f3n, pero si hay cooperativas u organismos que quieran comprar suscripciones para varias personas, por volumen les podemos ofrecer atractivos descuentos,<\/p>\t\t\t\t\t\t<\/div>\n\t\t\t\t<\/div>\n\t\t\t\t<\/div>\n\t\t\t\t\t<\/div>\n\t\t\t\t<\/div>\n\t\t\t\t\t\t\t<\/div>\n\t\t","protected":false},"excerpt":{"rendered":"<p>QU\u00c9 SON LOS CURSOS EN L\u00cdNEA &#8211; PRINCIPALES CARACTER\u00cdSTICAS Qu\u00e9 son los cursos en l\u00ednea. Son clases grabadas, almacenadas en la plataforma, que cada estudiante puede tomar conect\u00e1ndote por medio de internet y que le permitir\u00e1n aprender una serie de herramientas y habilidades para realizar adecuadamente la funci\u00f3n que quiera conocer o tenga asignada en &hellip;<\/p>\n<p class=\"read-more\"> <a class=\"\" href=\"https:\/\/5toprincipio.online\/inicio\/cursos-online\/\"> <span class=\"screen-reader-text\">Cursos Online<\/span> Read More \u00bb<\/a><\/p>\n","protected":false},"author":1,"featured_media":0,"parent":0,"menu_order":0,"comment_status":"closed","ping_status":"closed","template":"","meta":{"om_disable_all_campaigns":false,"_mi_skip_tracking":false,"_monsterinsights_sitenote_active":false,"_monsterinsights_sitenote_note":"","_monsterinsights_sitenote_category":0,"site-sidebar-layout":"no-sidebar","site-content-layout":"page-builder","ast-site-content-layout":"","site-content-style":"default","site-sidebar-style":"default","ast-global-header-display":"","ast-banner-title-visibility":"","ast-main-header-display":"","ast-hfb-above-header-display":"","ast-hfb-below-header-display":"","ast-hfb-mobile-header-display":"","site-post-title":"disabled","ast-breadcrumbs-content":"","ast-featured-img":"disabled","footer-sml-layout":"","theme-transparent-header-meta":"","adv-header-id-meta":"","stick-header-meta":"","header-above-stick-meta":"","header-main-stick-meta":"","header-below-stick-meta":"","astra-migrate-meta-layouts":"","ast-page-background-enabled":"default","ast-page-background-meta":{"desktop":{"background-color":"var(--ast-global-color-4)","background-image":"","background-repeat":"repeat","background-position":"center center","background-size":"auto","background-attachment":"scroll","background-type":"","background-media":"","overlay-type":"","overlay-color":"","overlay-gradient":""},"tablet":{"background-color":"","background-image":"","background-repeat":"repeat","background-position":"center center","background-size":"auto","background-attachment":"scroll","background-type":"","background-media":"","overlay-type":"","overlay-color":"","overlay-gradient":""},"mobile":{"background-color":"","background-image":"","background-repeat":"repeat","background-position":"center center","background-size":"auto","background-attachment":"scroll","background-type":"","background-media":"","overlay-type":"","overlay-color":"","overlay-gradient":""}},"ast-content-background-meta":{"desktop":{"background-color":"var(--ast-global-color-5)","background-image":"","background-repeat":"repeat","background-position":"center center","background-size":"auto","background-attachment":"scroll","background-type":"","background-media":"","overlay-type":"","overlay-color":"","overlay-gradient":""},"tablet":{"background-color":"var(--ast-global-color-5)","background-image":"","background-repeat":"repeat","background-position":"center center","background-size":"auto","background-attachment":"scroll","background-type":"","background-media":"","overlay-type":"","overlay-color":"","overlay-gradient":""},"mobile":{"background-color":"var(--ast-global-color-5)","background-image":"","background-repeat":"repeat","background-position":"center center","background-size":"auto","background-attachment":"scroll","background-type":"","background-media":"","overlay-type":"","overlay-color":"","overlay-gradient":""}},"footnotes":""},"aioseo_notices":[],"_links":{"self":[{"href":"https:\/\/5toprincipio.online\/inicio\/wp-json\/wp\/v2\/pages\/5442"}],"collection":[{"href":"https:\/\/5toprincipio.online\/inicio\/wp-json\/wp\/v2\/pages"}],"about":[{"href":"https:\/\/5toprincipio.online\/inicio\/wp-json\/wp\/v2\/types\/page"}],"author":[{"embeddable":true,"href":"https:\/\/5toprincipio.online\/inicio\/wp-json\/wp\/v2\/users\/1"}],"replies":[{"embeddable":true,"href":"https:\/\/5toprincipio.online\/inicio\/wp-json\/wp\/v2\/comments?post=5442"}],"version-history":[{"count":1,"href":"https:\/\/5toprincipio.online\/inicio\/wp-json\/wp\/v2\/pages\/5442\/revisions"}],"predecessor-version":[{"id":6932,"href":"https:\/\/5toprincipio.online\/inicio\/wp-json\/wp\/v2\/pages\/5442\/revisions\/6932"}],"wp:attachment":[{"href":"https:\/\/5toprincipio.online\/inicio\/wp-json\/wp\/v2\/media?parent=5442"}],"curies":[{"name":"wp","href":"https:\/\/api.w.org\/{rel}","templated":true}]}}