{"id":95,"date":"2023-07-22T01:12:26","date_gmt":"2023-07-22T01:12:26","guid":{"rendered":"https:\/\/5toprincipio.online\/?page_id=95"},"modified":"2023-09-17T01:37:42","modified_gmt":"2023-09-17T01:37:42","slug":"pagina-de-registro-para-instructores","status":"publish","type":"page","link":"https:\/\/5toprincipio.online\/inicio\/pagina-de-registro-para-instructores\/","title":{"rendered":"P\u00e1gina de registro para instructores"},"content":{"rendered":"\n\n\t<div id=\"tutor-registration-wrap\">\n\n\t\t\n\t\t<form method=\"post\" enctype=\"multipart\/form-data\" id=\"tutor-registration-form\">\n\n\t\t\t\n\t\t\t<input type=\"hidden\" id=\"_tutor_nonce\" name=\"_tutor_nonce\" value=\"46d8dd8812\" \/><input type=\"hidden\" name=\"_wp_http_referer\" value=\"\/inicio\/wp-json\/wp\/v2\/pages\/95\" \/>\t\t\t<input type=\"hidden\" value=\"tutor_register_instructor\" name=\"tutor_action\"\/>\n\n\t\t\t\n\t\t\t<div class=\"tutor-form-row\">\n\t\t\t\t<div class=\"tutor-form-col-6\">\n\t\t\t\t\t<div class=\"tutor-form-group\">\n\t\t\t\t\t\t<label>\n\t\t\t\t\t\t\tNombre\t\t\t\t\t\t<\/label>\n\n\t\t\t\t\t\t<input type=\"text\" name=\"first_name\" value=\"\" placeholder=\"Nombre\" required autocomplete=\"given-name\">\n\t\t\t\t\t<\/div>\n\t\t\t\t<\/div>\n\n\t\t\t\t<div class=\"tutor-form-col-6\">\n\t\t\t\t\t<div class=\"tutor-form-group\">\n\t\t\t\t\t\t<label>\n\t\t\t\t\t\t\tApellidos\t\t\t\t\t\t<\/label>\n\n\t\t\t\t\t\t<input type=\"text\" name=\"last_name\" value=\"\" placeholder=\"Apellidos\" required autocomplete=\"family-name\">\n\t\t\t\t\t<\/div>\n\t\t\t\t<\/div>\n\n\n\t\t\t<\/div>\n\n\t\t\t<div class=\"tutor-form-row\">\n\n\t\t\t\t<div class=\"tutor-form-col-6\">\n\t\t\t\t\t<div class=\"tutor-form-group\">\n\t\t\t\t\t\t<label>\n\t\t\t\t\t\t\tNombre de usuario\t\t\t\t\t\t<\/label>\n\n\t\t\t\t\t\t<input type=\"text\" name=\"user_login\" class=\"tutor_user_name\" value=\"\" placeholder=\"Nombre de usuario\" required autocomplete=\"username\">\n\t\t\t\t\t<\/div>\n\t\t\t\t<\/div>\n\n\t\t\t\t<div class=\"tutor-form-col-6\">\n\t\t\t\t\t<div class=\"tutor-form-group\">\n\t\t\t\t\t\t<label>\n\t\t\t\t\t\t\tCorreo electr\u00f3nico\t\t\t\t\t\t<\/label>\n\n\t\t\t\t\t\t<input type=\"text\" name=\"email\" value=\"\" placeholder=\"Correo electr\u00f3nico\" required autocomplete=\"email\">\n\t\t\t\t\t<\/div>\n\t\t\t\t<\/div>\n\n\t\t\t<\/div>\n\n\t\t\t<div class=\"tutor-form-row\">\n\t\t\t\t<div class=\"tutor-form-col-6\">\n\t\t\t\t\t<div class=\"tutor-form-group\">\n\t\t\t\t\t\t<label>\n\t\t\t\t\t\t\tContrase\u00f1a\t\t\t\t\t\t<\/label>\n\n\t\t\t\t\t\t<input type=\"password\" name=\"password\" value=\"\" placeholder=\"Contrase\u00f1a\" required autocomplete=\"new-password\">\n\t\t\t\t\t<\/div>\n\t\t\t\t<\/div>\n\n\t\t\t\t<div class=\"tutor-form-col-6\">\n\t\t\t\t\t<div class=\"tutor-form-group\">\n\t\t\t\t\t\t<label>\n\t\t\t\t\t\t\tConfirmaci\u00f3n de contrase\u00f1a\t\t\t\t\t\t<\/label>\n\n\t\t\t\t\t\t<input type=\"password\" name=\"password_confirmation\" value=\"\" placeholder=\"Confirmaci\u00f3n de contrase\u00f1a\" required autocomplete=\"new-password\">\n\t\t\t\t\t<\/div>\n\t\t\t\t<\/div>\n\t\t\t<\/div>\n\n\t\t\t<div class=\"tutor-form-row\">\n\t\t\t\t<div class=\"tutor-form-col-12\">\n\t\t\t\t\t<div class=\"tutor-form-group\">\n\t\t\t\t\t\t\t\t<input type=\"text\" style=\"display:none\" autocomplete=\"off\" value=\"\" name=\"_uuid\">\n\t\t\t\t\t\t\t<\/div>\n\t\t\t\t<\/div>\n\t\t\t<\/div> \n\n\t\t\t\n\t\t\t\t\t\t\n\t\t\t\n\t\t\t<div>\n\t\t\t\t<button type=\"submit\" name=\"tutor_register_instructor_btn\" value=\"register\" class=\"tutor-btn tutor-btn-primary tutor-btn-block\">Registrarse como instructor<\/button>\n\t\t\t<\/div>\n\t\t\t\t\t\t\n\t\t<\/form>\n\t\t\t\t<style>\n\t\t\t#tutor-pro-twitter-login {\n\t\t\t\twidth: 400px; background-color: #00acee; border-color: #00acee; font-weight: bold;\n\t\t\t}\n\t\t<\/style>\n\t\t<div id=\"tutor-pro-social-authentication\" class=\"tutor-pt-24 tutor-d-flex tutor-flex-column tutor-align-center tutor-border-top-light\" style=\"gap: 10px;\">\n\t\t\t\t\t<\/div>\n\t\t\t<\/div>\n\n\t","protected":false},"excerpt":{"rendered":"<p>Nombre Apellidos Nombre de usuario Correo electr\u00f3nico Contrase\u00f1a Confirmaci\u00f3n de contrase\u00f1a Registrarse como instructor<\/p>\n","protected":false},"author":1,"featured_media":0,"parent":0,"menu_order":0,"comment_status":"closed","ping_status":"closed","template":"elementor_header_footer","meta":{"om_disable_all_campaigns":false,"_mi_skip_tracking":false,"_monsterinsights_sitenote_active":false,"_monsterinsights_sitenote_note":"","_monsterinsights_sitenote_category":0,"site-sidebar-layout":"default","site-content-layout":"","ast-site-content-layout":"","site-content-style":"default","site-sidebar-style":"default","ast-global-header-display":"","ast-banner-title-visibility":"","ast-main-header-display":"","ast-hfb-above-header-display":"","ast-hfb-below-header-display":"","ast-hfb-mobile-header-display":"","site-post-title":"","ast-breadcrumbs-content":"","ast-featured-img":"","footer-sml-layout":"","theme-transparent-header-meta":"","adv-header-id-meta":"","stick-header-meta":"","header-above-stick-meta":"","header-main-stick-meta":"","header-below-stick-meta":"","astra-migrate-meta-layouts":"","ast-page-background-enabled":"default","ast-page-background-meta":{"desktop":{"background-color":"var(--ast-global-color-4)","background-image":"","background-repeat":"repeat","background-position":"center center","background-size":"auto","background-attachment":"scroll","background-type":"","background-media":"","overlay-type":"","overlay-color":"","overlay-gradient":""},"tablet":{"background-color":"","background-image":"","background-repeat":"repeat","background-position":"center center","background-size":"auto","background-attachment":"scroll","background-type":"","background-media":"","overlay-type":"","overlay-color":"","overlay-gradient":""},"mobile":{"background-color":"","background-image":"","background-repeat":"repeat","background-position":"center center","background-size":"auto","background-attachment":"scroll","background-type":"","background-media":"","overlay-type":"","overlay-color":"","overlay-gradient":""}},"ast-content-background-meta":{"desktop":{"background-color":"var(--ast-global-color-5)","background-image":"","background-repeat":"repeat","background-position":"center center","background-size":"auto","background-attachment":"scroll","background-type":"","background-media":"","overlay-type":"","overlay-color":"","overlay-gradient":""},"tablet":{"background-color":"var(--ast-global-color-5)","background-image":"","background-repeat":"repeat","background-position":"center center","background-size":"auto","background-attachment":"scroll","background-type":"","background-media":"","overlay-type":"","overlay-color":"","overlay-gradient":""},"mobile":{"background-color":"var(--ast-global-color-5)","background-image":"","background-repeat":"repeat","background-position":"center center","background-size":"auto","background-attachment":"scroll","background-type":"","background-media":"","overlay-type":"","overlay-color":"","overlay-gradient":""}},"footnotes":""},"aioseo_notices":[],"_links":{"self":[{"href":"https:\/\/5toprincipio.online\/inicio\/wp-json\/wp\/v2\/pages\/95"}],"collection":[{"href":"https:\/\/5toprincipio.online\/inicio\/wp-json\/wp\/v2\/pages"}],"about":[{"href":"https:\/\/5toprincipio.online\/inicio\/wp-json\/wp\/v2\/types\/page"}],"author":[{"embeddable":true,"href":"https:\/\/5toprincipio.online\/inicio\/wp-json\/wp\/v2\/users\/1"}],"replies":[{"embeddable":true,"href":"https:\/\/5toprincipio.online\/inicio\/wp-json\/wp\/v2\/comments?post=95"}],"version-history":[{"count":0,"href":"https:\/\/5toprincipio.online\/inicio\/wp-json\/wp\/v2\/pages\/95\/revisions"}],"wp:attachment":[{"href":"https:\/\/5toprincipio.online\/inicio\/wp-json\/wp\/v2\/media?parent=95"}],"curies":[{"name":"wp","href":"https:\/\/api.w.org\/{rel}","templated":true}]}}